{"id":10,"date":"2015-07-22T16:09:24","date_gmt":"2015-07-22T14:09:24","guid":{"rendered":"http:\/\/das-raetsel-vom-polenztal.de\/?page_id=10"},"modified":"2015-07-23T16:09:50","modified_gmt":"2015-07-23T14:09:50","slug":"herzlich-willkommen-2","status":"publish","type":"page","link":"https:\/\/das-raetsel-vom-polenztal.de\/","title":{"rendered":"Herzlich willkommen"},"content":{"rendered":"<p><a href=\"http:\/\/das-raetsel-vom-polenztal.de\/wp-content\/uploads\/2015\/07\/Raetsel-Titel_kl.jpg\"><img loading=\"lazy\" class=\"alignleft size-full wp-image-5\" src=\"http:\/\/das-raetsel-vom-polenztal.de\/wp-content\/uploads\/2015\/07\/Raetsel-Titel_kl.jpg\" alt=\"Raetsel-Titel_kl\" width=\"190\" height=\"304\" srcset=\"https:\/\/das-raetsel-vom-polenztal.de\/wp-content\/uploads\/2015\/07\/Raetsel-Titel_kl.jpg 190w, https:\/\/das-raetsel-vom-polenztal.de\/wp-content\/uploads\/2015\/07\/Raetsel-Titel_kl-188x300.jpg 188w\" sizes=\"(max-width: 190px) 100vw, 190px\" \/><\/a>Der aktuelle Roman von Joachim Vo\u00df: &#8222;Das R\u00e4tsel vom Polenztal&#8220; (ISBN 9783852518336).<\/p>\n<p>Eigentlich wollte der Hamburger Kriminal-Hauptkommissar Marcus Nase, genannt &#8222;Riecher&#8220;, nur an einer von seinem Freund, dem autorisierten Tiroler Bergwanderf\u00fchrer Johann Vols, gef\u00fchrten Wanderwoche in der S\u00e4chsischen Schweiz teilnehmen. Zur gleichen Zeit fand in dieser wundesch\u00f6nen, bizarren Gegend die Entf\u00fchrung des mit einer geheimen Entwicklung beauftragten Juniorchefs eines mittelst\u00e4ndischen Unternehmens statt. Von der \u00f6rtlichen Polizei wurde Marcus Nase mit in die komplizierten Ermittlungen hineingezogen. Das L\u00f6segeld wurde angeblich an der Polenz gezahlt. Aber gerade daraufhin gab es unerwartete neue Verwicklungen.<\/p>\n<p>Der Leser wird bei der Lekt\u00fcre dieses Romans viele der authentisch geschilderten Wanderwege und Orte wiedererkennen oder zu einem Besuch dieser einmaligen Gegend animiert werden.<\/p>\n<h4>&#8222;Das R\u00e4tsel vom Polenztal&#8220; im Video<\/h4>\n<div class=\"su-youtube su-u-responsive-media-yes\"><iframe width=\"600\" height=\"400\" src=\"https:\/\/www.youtube.com\/embed\/eDKEp22AtJo?\" frameborder=\"0\" allowfullscreen allow=\"autoplay; encrypted-media; picture-in-picture\" title=\"\"><\/iframe><\/div>\n","protected":false},"excerpt":{"rendered":"<p>Der aktuelle Roman von Joachim Vo\u00df: &#8222;Das R\u00e4tsel vom Polenztal&#8220; (ISBN 9783852518336). Eigentlich wollte der Hamburger Kriminal-Hauptkommissar Marcus Nase, genannt &#8222;Riecher&#8220;, nur an einer von seinem Freund, dem autorisierten Tiroler Bergwanderf\u00fchrer Johann Vols, gef\u00fchrten Wanderwoche in der S\u00e4chsischen Schweiz teilnehmen. Zur gleichen Zeit fand in dieser wundesch\u00f6nen, bizarren Gegend die Entf\u00fchrung des mit einer geheimen [&hellip;]<\/p>\n","protected":false},"author":1,"featured_media":0,"parent":0,"menu_order":0,"comment_status":"closed","ping_status":"open","template":"","meta":[],"_links":{"self":[{"href":"https:\/\/das-raetsel-vom-polenztal.de\/index.php?rest_route=\/wp\/v2\/pages\/10"}],"collection":[{"href":"https:\/\/das-raetsel-vom-polenztal.de\/index.php?rest_route=\/wp\/v2\/pages"}],"about":[{"href":"https:\/\/das-raetsel-vom-polenztal.de\/index.php?rest_route=\/wp\/v2\/types\/page"}],"author":[{"embeddable":true,"href":"https:\/\/das-raetsel-vom-polenztal.de\/index.php?rest_route=\/wp\/v2\/users\/1"}],"replies":[{"embeddable":true,"href":"https:\/\/das-raetsel-vom-polenztal.de\/index.php?rest_route=%2Fwp%2Fv2%2Fcomments&post=10"}],"version-history":[{"count":10,"href":"https:\/\/das-raetsel-vom-polenztal.de\/index.php?rest_route=\/wp\/v2\/pages\/10\/revisions"}],"predecessor-version":[{"id":46,"href":"https:\/\/das-raetsel-vom-polenztal.de\/index.php?rest_route=\/wp\/v2\/pages\/10\/revisions\/46"}],"wp:attachment":[{"href":"https:\/\/das-raetsel-vom-polenztal.de\/index.php?rest_route=%2Fwp%2Fv2%2Fmedia&parent=10"}],"curies":[{"name":"wp","href":"https:\/\/api.w.org\/{rel}","templated":true}]}}