{"id":31,"date":"2015-07-23T15:10:00","date_gmt":"2015-07-23T13:10:00","guid":{"rendered":"http:\/\/das-raetsel-vom-polenztal.de\/?page_id=31"},"modified":"2015-07-24T09:13:55","modified_gmt":"2015-07-24T07:13:55","slug":"autor","status":"publish","type":"page","link":"https:\/\/das-raetsel-vom-polenztal.de\/?page_id=31","title":{"rendered":"Autor"},"content":{"rendered":"<figure id=\"attachment_33\" aria-describedby=\"caption-attachment-33\" style=\"width: 150px\" class=\"wp-caption alignleft\"><a href=\"http:\/\/das-raetsel-vom-polenztal.de\/wp-content\/uploads\/2015\/07\/PICT0037.jpg\"><img loading=\"lazy\" src=\"http:\/\/das-raetsel-vom-polenztal.de\/wp-content\/uploads\/2015\/07\/PICT0037-150x150.jpg\" alt=\"Joachim Vo\u00df\" width=\"150\" height=\"150\" class=\"size-thumbnail wp-image-33\" \/><\/a><figcaption id=\"caption-attachment-33\" class=\"wp-caption-text\">Joachim Vo\u00df<\/figcaption><\/figure>Joachim Vo\u00df, Jahrgang 1934, Versicherungsfachwirt, Studium der Versicherungswirtschaft, geboren und wohnhaft in Hamburg, war die letzten Jahre seiner beruflichen T\u00e4tigkeit als Abteilungsleiter bei einer Bank angestellt.<\/p>\n<p>Neben seinem Beruf ging er ehrenamtlich diversen Aufgaben im Sport und die letzten 31 Jahre in der Selbstverwaltung einer gro\u00dfen gesetzlichen Krankenkasse nach. Daf\u00fcr erhielt er diverse Auszeichnungen, so u.a. 2007 den B\u00fcrgerpreis Eimsb\u00fcttel sowie 2008 das Verdienstkreuz am Bande des Verdienstordens der Bundesrepublik Deutschland.<\/p>\n<p>Sein Wissen gab er auch als Referent und Seminarleiter bei diversen Bildungseinrichtungen weiter. Trotz seiner vielen T\u00e4tigkeiten \u00fcbte er sein besonderes Hobby als autorisierter Tiroler Bergwanderf\u00fchrer in Deutschland und \u00d6sterreich aus. Au\u00dferdem schrieb er Artikel in Fachzeitschriften und zuletzt auch Kriminalromane sowie ein Drehbuch. Seine besten Ideen hat er w\u00e4hrend des Joggens und seiner vielen ausgedehnten Wanderungen. Trotzdem hat er noch Zeit f\u00fcr seine vier Enkel\/innen.<\/p>\n<p>Mehr Informationen zu Joachim Vo\u00df gibt es auf seiner privaten Homepage: <a href=\"http:\/\/www.jo-voss.de\" target=\"_blank\">http:\/\/www.jo-voss.de<\/a>.<\/p>\n","protected":false},"excerpt":{"rendered":"<p>Joachim Vo\u00df, Jahrgang 1934, Versicherungsfachwirt, Studium der Versicherungswirtschaft, geboren und wohnhaft in Hamburg, war die letzten Jahre seiner beruflichen T\u00e4tigkeit als Abteilungsleiter bei einer Bank angestellt. Neben seinem Beruf ging er ehrenamtlich diversen Aufgaben im Sport und die letzten 31 Jahre in der Selbstverwaltung einer gro\u00dfen gesetzlichen Krankenkasse nach. Daf\u00fcr erhielt er diverse Auszeichnungen, so [&hellip;]<\/p>\n","protected":false},"author":1,"featured_media":0,"parent":0,"menu_order":200,"comment_status":"closed","ping_status":"open","template":"","meta":[],"_links":{"self":[{"href":"https:\/\/das-raetsel-vom-polenztal.de\/index.php?rest_route=\/wp\/v2\/pages\/31"}],"collection":[{"href":"https:\/\/das-raetsel-vom-polenztal.de\/index.php?rest_route=\/wp\/v2\/pages"}],"about":[{"href":"https:\/\/das-raetsel-vom-polenztal.de\/index.php?rest_route=\/wp\/v2\/types\/page"}],"author":[{"embeddable":true,"href":"https:\/\/das-raetsel-vom-polenztal.de\/index.php?rest_route=\/wp\/v2\/users\/1"}],"replies":[{"embeddable":true,"href":"https:\/\/das-raetsel-vom-polenztal.de\/index.php?rest_route=%2Fwp%2Fv2%2Fcomments&post=31"}],"version-history":[{"count":4,"href":"https:\/\/das-raetsel-vom-polenztal.de\/index.php?rest_route=\/wp\/v2\/pages\/31\/revisions"}],"predecessor-version":[{"id":60,"href":"https:\/\/das-raetsel-vom-polenztal.de\/index.php?rest_route=\/wp\/v2\/pages\/31\/revisions\/60"}],"wp:attachment":[{"href":"https:\/\/das-raetsel-vom-polenztal.de\/index.php?rest_route=%2Fwp%2Fv2%2Fmedia&parent=31"}],"curies":[{"name":"wp","href":"https:\/\/api.w.org\/{rel}","templated":true}]}}